{"id":960,"date":"2021-12-08T19:55:21","date_gmt":"2021-12-08T19:55:21","guid":{"rendered":"https:\/\/pedalones.com\/?post_type=product&#038;p=960"},"modified":"2025-11-12T17:36:38","modified_gmt":"2025-11-12T17:36:38","slug":"pedalones-semillon","status":"publish","type":"product","link":"https:\/\/pedalones.com\/en\/wein\/pedalones-semillon\/","title":{"rendered":"PEDALONES S\u00e9millon 2022"},"content":{"rendered":"<p>Etikettendesign: Dynamic Circles<\/p>\n<p>Rebsorte: 100% S\u00e9millon<\/p>\n<p>Herkunft: Wien<\/p>\n<p>Gro\u00dflage: Nu\u00dfberg \u2013 einer der besten und renommiertesten Wein-Gro\u00dflagen \u00d6sterreichs. Das pannonisch beeinflusste Klima, die ideale Hangneigung und die steinigen B\u00f6den mit teilweise hohem Kalkanteil bieten vor allem f\u00fcr Wei\u00dfweine optimale Bedingungen.<\/p>\n<p>Boden: Kalk-dominiert<\/p>\n<p>Lese: Anfang Oktober<\/p>\n<p>Ausbau: 1 Jahr im Barriquefass (225l), 1 Jahr Flaschenreife<\/p>\n<p>Alkohol: 13,5 vol%<\/p>\n<p>Restzucker: trocken<\/p>\n<p>Produzierte Jahrg\u00e4nge: 2022, 2021, 2020, 2019<\/p>\n<p>Produktionsmenge: ~300 Flaschen\/Jahr<\/p>\n<p>Weinbeschreibung: In der Nase \u00fcberzeugt dieser S\u00e9millon mit gelbfruchtigen Steinobst-Noten (Nektarine\/Pfirsich), frischen, floralen Ankl\u00e4ngen von Kamille und Verbene, sowie einer fein verwobenen Holzw\u00fcrze. K\u00f6rperreicher Wein mit einer sehr engmaschigen, straffen Struktur am Gaumen. Idealer Speisenbegleiter zu gehaltvollen Zubereitungsarten (gegrillt\/gebraten, Einsatz von Gew\u00fcrzen), z.B. gegrilltes Lachsfilet oder orientalisches Gefl\u00fcgelgericht.<\/p>","protected":false},"excerpt":{"rendered":"<p>Etikettendesign: Dynamic Circles Rebsorte: 100% S\u00e9millon Herkunft: Wien Gro\u00dflage: Nu\u00dfberg \u2013 einer der besten und renommiertesten Wein-Gro\u00dflagen \u00d6sterreichs. Das pannonisch beeinflusste Klima, die ideale Hangneigung und die steinigen B\u00f6den mit teilweise hohem Kalkanteil bieten vor allem f\u00fcr Wei\u00dfweine optimale Bedingungen. Boden: Kalk-dominiert Lese: Anfang Oktober Ausbau: 1 Jahr im Barriquefass (225l), 1 Jahr Flaschenreife Alkohol: [&hellip;]<\/p>","protected":false},"featured_media":991,"template":"","meta":[],"product_cat":[27],"product_tag":[],"_links":{"self":[{"href":"https:\/\/pedalones.com\/en\/wp-json\/wp\/v2\/product\/960"}],"collection":[{"href":"https:\/\/pedalones.com\/en\/wp-json\/wp\/v2\/product"}],"about":[{"href":"https:\/\/pedalones.com\/en\/wp-json\/wp\/v2\/types\/product"}],"wp:featuredmedia":[{"embeddable":true,"href":"https:\/\/pedalones.com\/en\/wp-json\/wp\/v2\/media\/991"}],"wp:attachment":[{"href":"https:\/\/pedalones.com\/en\/wp-json\/wp\/v2\/media?parent=960"}],"wp:term":[{"taxonomy":"product_cat","embeddable":true,"href":"https:\/\/pedalones.com\/en\/wp-json\/wp\/v2\/product_cat?post=960"},{"taxonomy":"product_tag","embeddable":true,"href":"https:\/\/pedalones.com\/en\/wp-json\/wp\/v2\/product_tag?post=960"}],"curies":[{"name":"wp","href":"https:\/\/api.w.org\/{rel}","templated":true}]}}