{"id":781,"date":"2021-05-11T18:04:02","date_gmt":"2021-05-11T18:04:02","guid":{"rendered":"https:\/\/pedalones.com\/?post_type=product&#038;p=781"},"modified":"2025-05-07T15:00:34","modified_gmt":"2025-05-07T15:00:34","slug":"pedalones-picknick-im-weingarten","status":"publish","type":"product","link":"https:\/\/pedalones.com\/en\/wein\/pedalones-picknick-im-weingarten\/","title":{"rendered":"PEDALONES Picknick im Weingarten"},"content":{"rendered":"<p>Du suchst eine exklusive \u00dcberraschung im Freien f\u00fcr deine Liebste \/ deinen Liebsten oder ihr wollt mit guten Freunden ein paar genussvolle Stunden verbringen? Dann ist das exklusive PEDALONES Picknick im Gemischter Satz Weingarten genau das Richtige f\u00fcr euch. An der frischen Luft im gr\u00fcnen Sitzen, die Seele baumeln lassen und ein gutes Flascherl Wein genie\u00dfen&#8230;<\/p>\n<p><strong>Auch als GUTSCHEIN m\u00f6glich!<\/strong><strong><br \/>\nAnfragen gerne an Kathi unter info@pedalones.com oder +43 664 88 508 510 richten.<\/strong><\/p>\n<p>&nbsp;<\/p>\n<h3><strong>Pakete (Basis: 2 Personen)<\/strong><\/h3>\n<p>&nbsp;<\/p>\n<p><strong>Paket Pedalones SMALL, <\/strong><em>\u20ac 95.-<\/em><\/p>\n<ul>\n<li>1 Flasche Wein (\u00e0 0,75 Liter): 2023 Wiener Gemischter Satz DAC Nu\u00dfberg,<\/li>\n<li>1 Flasche Mineralwasser V\u00f6slauer (\u00e0 1 Liter),<\/li>\n<li>K\u00e4seplatte von <a href=\"https:\/\/www.frau-svensson.at\" target=\"_blank\" rel=\"noopener\">Frau Svensson K\u00e4se&amp;Nordisches<\/a> (4 Sorten gemischt Kuh\/Schaf\/Ziege, Weich- und Hartk\u00e4se, ca. 400g),<\/li>\n<li>Portion Liptauer-Aufstrich (150g),<\/li>\n<li>4 St\u00fcck Geb\u00e4ck von der B\u00e4ckerei Felzl.<\/li>\n<\/ul>\n<p>&nbsp;<\/p>\n<p><strong>Paket Pedalones LARGE, <\/strong><em>\u20ac 130.-<\/em><\/p>\n<ul>\n<li>2 Flaschen Wein (\u00e0 0,75l): 2023 Wiener Gemischter Satz DAC Nu\u00dfberg und 2023 Sauvignon Blanc Nu\u00dfberg Ried Obere Schos,<\/li>\n<li>2 Flaschen Mineralwasser V\u00f6slauer (\u00e0 1 Liter),<\/li>\n<li>K\u00e4seplatte von <a href=\"https:\/\/www.frau-svensson.at\" target=\"_blank\" rel=\"noopener\">Frau Svensson K\u00e4se&amp;Nordisches<\/a> (4 Sorten gemischt Kuh\/Schaf\/Ziege, Weich- und Hartk\u00e4se, ca. 400g),<\/li>\n<li>Portion Liptauer-Aufstrich (150g),<\/li>\n<li>Luftgetrocknete W\u00fcrstel \/ Speck von der Fleischerei KARLO\/Burgenland (ca. 200g),<\/li>\n<li>Eingelegtes Gem\u00fcse vom Biohof Bubenicek\/Nieder\u00f6sterreich,<\/li>\n<li>5 St\u00fcck Geb\u00e4ck von der B\u00e4ckerei Felzl.<\/li>\n<\/ul>\n<p>&nbsp;<\/p>\n<p>Equipment: Picknickdecke, K\u00fchltasche und Gl\u00e4ser werden gegen eine Kaution leihweise zur Verf\u00fcgung gestellt.<\/p>\n<p>Lage \/ Treffpunkt: vom Friedhof Wien Heiligenstadt ein kurzer und einfacher Spaziergang die Wildgrubgasse entlang bis zur Nummer 48. Genauer Standort zum Treffpunkt bzw. zur Picknick-\u00dcbergabe wird vorab mittels WhatsApp \u00fcbermittelt.<\/p>\n<p>Anreise mit den \u00f6ffentlichen Verkehrsmitteln:\u00a0Per Stra\u00dfenbahn (Linie 38 ab Schottentor) oder per Bus (Linie 38A von Heiligenstadt) bis zur Haltestelle &#8222;Grinzing&#8220;. Von dort zu Fu\u00df \u00fcber den \u201eGrinzinger Steig\u201c bis zum Friedhof Wien Heiligenstadt. Oder mit der Stra\u00dfenbahn &#8222;D&#8220; bis zur Endstation &#8222;Beethovengang&#8220; und von dort zu Fu\u00df bis zum Friedhof Wien Heiligenstadt. Dann weiter wie oben beschrieben.<strong>\u00a0<\/strong><\/p>\n<p>Anreise mit dem Auto: Parkm\u00f6glichkeiten in der Wildgrubgasse \u00a0bis zum Friedhof Wien Heiligenstadt entlang der Stra\u00dfe meist vorhanden.<\/p>\n<p><strong>Zeitgerechte Reservierung notwendig. Limitierte Personenanzahl.<\/strong><\/p>\n<p>&nbsp;<\/p>","protected":false},"excerpt":{"rendered":"<p>Wien Nu\u00dfberg<\/p>\n<p>Diverse Pakete<\/p>\n<p>&nbsp;<\/p>","protected":false},"featured_media":1013,"template":"","meta":[],"product_cat":[58],"product_tag":[],"_links":{"self":[{"href":"https:\/\/pedalones.com\/en\/wp-json\/wp\/v2\/product\/781"}],"collection":[{"href":"https:\/\/pedalones.com\/en\/wp-json\/wp\/v2\/product"}],"about":[{"href":"https:\/\/pedalones.com\/en\/wp-json\/wp\/v2\/types\/product"}],"wp:featuredmedia":[{"embeddable":true,"href":"https:\/\/pedalones.com\/en\/wp-json\/wp\/v2\/media\/1013"}],"wp:attachment":[{"href":"https:\/\/pedalones.com\/en\/wp-json\/wp\/v2\/media?parent=781"}],"wp:term":[{"taxonomy":"product_cat","embeddable":true,"href":"https:\/\/pedalones.com\/en\/wp-json\/wp\/v2\/product_cat?post=781"},{"taxonomy":"product_tag","embeddable":true,"href":"https:\/\/pedalones.com\/en\/wp-json\/wp\/v2\/product_tag?post=781"}],"curies":[{"name":"wp","href":"https:\/\/api.w.org\/{rel}","templated":true}]}}