{"id":769,"date":"2021-05-10T19:55:13","date_gmt":"2021-05-10T19:55:13","guid":{"rendered":"https:\/\/pedalones.com\/?post_type=product&#038;p=769"},"modified":"2026-04-24T06:04:57","modified_gmt":"2026-04-24T06:04:57","slug":"pedalones-sauvignon-blanc","status":"publish","type":"product","link":"https:\/\/pedalones.com\/en\/wein\/pedalones-sauvignon-blanc\/","title":{"rendered":"PEDALONES Sauvignon Blanc 2024"},"content":{"rendered":"<p>Etikettendesign: gr\u00fcne Zahnr\u00e4der<\/p>\n<p>Rebsorte: 100% Sauvignon Blanc<\/p>\n<p>Herkunft: Wien<\/p>\n<p>Gro\u00dflage: Nu\u00dfberg \u2013 einer der besten und renommiertesten Wein-Gro\u00dflagen \u00d6sterreichs. Das pannonisch beeinflusste Klima, die ideale Hangneigung und die steinigen B\u00f6den mit teilweise hohem Kalkanteil bieten vor allem f\u00fcr Wei\u00dfweine optimale Bedingungen.<\/p>\n<p>Ried: Obere Schos<\/p>\n<p>Boden: Kalk-dominiert<\/p>\n<p>Lese: Mitte September<\/p>\n<p>Ausbau: Stahltank<\/p>\n<p>Alkohol: 13,0 vol%<\/p>\n<p>Restzucker: trocken<\/p>\n<p>Produzierte Jahrg\u00e4nge: 2024, 2023, 2022, 2021, 2020, 2019, 2018, 2017, 2016<\/p>\n<p>Weinbeschreibung: Intensive Frucht, insbesondere nach Steinobst, mit teils Sauvignon typischen kr\u00e4utigen Noten sowohl in der Nase als auch am Gaumen. Gut balancierte S\u00e4ure und cremige Textur \u2013 ein Wein mit viel Trinkfreude! Perfekter Speisenbegleiter zu Pasta, gegrilltem Gem\u00fcse, hellem Fleisch und Paprikasaucen.<\/p>","protected":false},"excerpt":{"rendered":"<p>Etikettendesign: gr\u00fcne Zahnr\u00e4der Rebsorte: 100% Sauvignon Blanc Herkunft: Wien Gro\u00dflage: Nu\u00dfberg \u2013 einer der besten und renommiertesten Wein-Gro\u00dflagen \u00d6sterreichs. Das pannonisch beeinflusste Klima, die ideale Hangneigung und die steinigen B\u00f6den mit teilweise hohem Kalkanteil bieten vor allem f\u00fcr Wei\u00dfweine optimale Bedingungen. Ried: Obere Schos Boden: Kalk-dominiert Lese: Mitte September Ausbau: Stahltank Alkohol: 13,0 vol% Restzucker: [&hellip;]<\/p>","protected":false},"featured_media":735,"template":"","meta":[],"product_cat":[27],"product_tag":[],"_links":{"self":[{"href":"https:\/\/pedalones.com\/en\/wp-json\/wp\/v2\/product\/769"}],"collection":[{"href":"https:\/\/pedalones.com\/en\/wp-json\/wp\/v2\/product"}],"about":[{"href":"https:\/\/pedalones.com\/en\/wp-json\/wp\/v2\/types\/product"}],"wp:featuredmedia":[{"embeddable":true,"href":"https:\/\/pedalones.com\/en\/wp-json\/wp\/v2\/media\/735"}],"wp:attachment":[{"href":"https:\/\/pedalones.com\/en\/wp-json\/wp\/v2\/media?parent=769"}],"wp:term":[{"taxonomy":"product_cat","embeddable":true,"href":"https:\/\/pedalones.com\/en\/wp-json\/wp\/v2\/product_cat?post=769"},{"taxonomy":"product_tag","embeddable":true,"href":"https:\/\/pedalones.com\/en\/wp-json\/wp\/v2\/product_tag?post=769"}],"curies":[{"name":"wp","href":"https:\/\/api.w.org\/{rel}","templated":true}]}}