{"id":768,"date":"2021-05-10T19:53:49","date_gmt":"2021-05-10T19:53:49","guid":{"rendered":"https:\/\/pedalones.com\/?post_type=product&#038;p=768"},"modified":"2025-11-12T17:36:09","modified_gmt":"2025-11-12T17:36:09","slug":"pedalones-riesling","status":"publish","type":"product","link":"https:\/\/pedalones.com\/en\/wein\/pedalones-riesling\/","title":{"rendered":"PEDALONES Riesling 2023"},"content":{"rendered":"<p>Etikettendesign: blaue (Fahr-) R\u00e4der<\/p>\n<p>Rebsorte: 100% Rheinriesling<\/p>\n<p>Herkunft: Wien<\/p>\n<p>Gro\u00dflage: Nu\u00dfberg \u2013 einer der besten und renommiertesten Wein-Gro\u00dflagen \u00d6sterreichs. Das pannonisch beeinflusste Klima, die ideale Hangneigung und die steinigen B\u00f6den mit teilweise hohem Kalkanteil bieten vor allem f\u00fcr Wei\u00dfweine wie Riesling optimale Bedingungen.<\/p>\n<p>Ried: Obere Schos<\/p>\n<p>Boden: Kalk-dominiert<\/p>\n<p>Lese: Mitte Oktober<\/p>\n<p>Ausbau: Stahltank<\/p>\n<p>Alkohol: 13,5 vol%<\/p>\n<p>Restzucker: trocken<\/p>\n<p>Produzierte Jahrg\u00e4nge: 2023, 2022, 2021, 2020, 2019, 2018, 2017, 2016, 2015<\/p>\n<p>Weinbeschreibung: Frische und typische Riesling-Noten nach Marille, sowie erste, feine Reifenoten. Mittelkr\u00e4ftiger K\u00f6rper, lebendige S\u00e4ure und gute Balance. Dieser Riesling gewinnt mit zunehmender Flaschenreife. Ideal zu Pasta wie Schinken- oder Krautfleckerl, Fischgerichte, Kalb- oder Rindfleisch (z.B. Kalbsbutterschnitzel, Tafelspitz).<\/p>","protected":false},"excerpt":{"rendered":"<p>Etikettendesign: blaue (Fahr-) R\u00e4der Rebsorte: 100% Rheinriesling Herkunft: Wien Gro\u00dflage: Nu\u00dfberg \u2013 einer der besten und renommiertesten Wein-Gro\u00dflagen \u00d6sterreichs. Das pannonisch beeinflusste Klima, die ideale Hangneigung und die steinigen B\u00f6den mit teilweise hohem Kalkanteil bieten vor allem f\u00fcr Wei\u00dfweine wie Riesling optimale Bedingungen. Ried: Obere Schos Boden: Kalk-dominiert Lese: Mitte Oktober Ausbau: Stahltank Alkohol: 13,5 [&hellip;]<\/p>","protected":false},"featured_media":733,"template":"","meta":[],"product_cat":[27],"product_tag":[],"_links":{"self":[{"href":"https:\/\/pedalones.com\/en\/wp-json\/wp\/v2\/product\/768"}],"collection":[{"href":"https:\/\/pedalones.com\/en\/wp-json\/wp\/v2\/product"}],"about":[{"href":"https:\/\/pedalones.com\/en\/wp-json\/wp\/v2\/types\/product"}],"wp:featuredmedia":[{"embeddable":true,"href":"https:\/\/pedalones.com\/en\/wp-json\/wp\/v2\/media\/733"}],"wp:attachment":[{"href":"https:\/\/pedalones.com\/en\/wp-json\/wp\/v2\/media?parent=768"}],"wp:term":[{"taxonomy":"product_cat","embeddable":true,"href":"https:\/\/pedalones.com\/en\/wp-json\/wp\/v2\/product_cat?post=768"},{"taxonomy":"product_tag","embeddable":true,"href":"https:\/\/pedalones.com\/en\/wp-json\/wp\/v2\/product_tag?post=768"}],"curies":[{"name":"wp","href":"https:\/\/api.w.org\/{rel}","templated":true}]}}