{"id":763,"date":"2021-05-10T19:35:18","date_gmt":"2021-05-10T19:35:18","guid":{"rendered":"https:\/\/pedalones.com\/?post_type=product&#038;p=763"},"modified":"2025-11-12T17:37:29","modified_gmt":"2025-11-12T17:37:29","slug":"pedalones-wiener-gemischter-satz","status":"publish","type":"product","link":"https:\/\/pedalones.com\/en\/wein\/pedalones-wiener-gemischter-satz\/","title":{"rendered":"PEDALONES Wiener Gemischter Satz DAC 2024"},"content":{"rendered":"<p>Etikettendesign: orange-gelbe Fahrradkette<\/p>\n<p>Rebsorten: Gr\u00fcner Veltliner, Wei\u00dfburgunder, Grauburgunder, Chardonnay, Neuburger, Gelber Muskateller, Riesling, M\u00fcller-Thurgau, &#8230;<\/p>\n<p>Erstauspflanzung: 1960<\/p>\n<p>Herkunft: Wien<\/p>\n<p>Gro\u00dflage: Nu\u00dfberg \u2013 einer der besten und renommiertesten Wein-Gro\u00dflagen \u00d6sterreichs. Das pannonisch beeinflusste Klima, die ideale Hangneigung und die steinigen B\u00f6den mit teilweise hohem Kalkanteil bieten vor allem f\u00fcr Wei\u00dfweine optimale Bedingungen.<\/p>\n<p>Boden: Kalk-dominiert<\/p>\n<p>Lese: Mitte September<\/p>\n<p>Ausbau: Stahltank<\/p>\n<p>Alkohol: 13,5 vol%<\/p>\n<p>Restzucker: trocken<\/p>\n<p>Produzierte Jahrg\u00e4nge: 2024, 2023, 2022, 2021, 2020, 2019, 2018<\/p>\n<p>Weinbeschreibung: Intensives florales Bouquet mit feiner Steinobstfrucht. Am Gaumen begeistert der Wein durch seine F\u00fclle und L\u00e4nge. Dieser Gemischte Satz ist ein universell einsetzbarer Speisenbegleiter. Besonders gut passt er nat\u00fcrlich zur Wiener K\u00fcche und der Kategorie Gebackenes (Wiener Schnitzel &amp; Co).<\/p>","protected":false},"excerpt":{"rendered":"<p>Etikettendesign: orange-gelbe Fahrradkette Rebsorten: Gr\u00fcner Veltliner, Wei\u00dfburgunder, Grauburgunder, Chardonnay, Neuburger, Gelber Muskateller, Riesling, M\u00fcller-Thurgau, &#8230; Erstauspflanzung: 1960 Herkunft: Wien Gro\u00dflage: Nu\u00dfberg \u2013 einer der besten und renommiertesten Wein-Gro\u00dflagen \u00d6sterreichs. Das pannonisch beeinflusste Klima, die ideale Hangneigung und die steinigen B\u00f6den mit teilweise hohem Kalkanteil bieten vor allem f\u00fcr Wei\u00dfweine optimale Bedingungen. Boden: Kalk-dominiert Lese: Mitte [&hellip;]<\/p>","protected":false},"featured_media":734,"template":"","meta":[],"product_cat":[27],"product_tag":[],"_links":{"self":[{"href":"https:\/\/pedalones.com\/en\/wp-json\/wp\/v2\/product\/763"}],"collection":[{"href":"https:\/\/pedalones.com\/en\/wp-json\/wp\/v2\/product"}],"about":[{"href":"https:\/\/pedalones.com\/en\/wp-json\/wp\/v2\/types\/product"}],"wp:featuredmedia":[{"embeddable":true,"href":"https:\/\/pedalones.com\/en\/wp-json\/wp\/v2\/media\/734"}],"wp:attachment":[{"href":"https:\/\/pedalones.com\/en\/wp-json\/wp\/v2\/media?parent=763"}],"wp:term":[{"taxonomy":"product_cat","embeddable":true,"href":"https:\/\/pedalones.com\/en\/wp-json\/wp\/v2\/product_cat?post=763"},{"taxonomy":"product_tag","embeddable":true,"href":"https:\/\/pedalones.com\/en\/wp-json\/wp\/v2\/product_tag?post=763"}],"curies":[{"name":"wp","href":"https:\/\/api.w.org\/{rel}","templated":true}]}}