{"id":1052,"date":"2022-04-09T11:34:01","date_gmt":"2022-04-09T11:34:01","guid":{"rendered":"https:\/\/pedalones.com\/?post_type=product&#038;p=1052"},"modified":"2022-08-15T07:07:10","modified_gmt":"2022-08-15T07:07:10","slug":"pedalones-online-weinverkostung","status":"publish","type":"product","link":"https:\/\/pedalones.com\/en\/wein\/pedalones-online-weinverkostung\/","title":{"rendered":"PEDALONES Online Weinverkostung"},"content":{"rendered":"<p>Ihr sucht einen auflockernden Zwischen- oder After Work-Programmpunkt bei einer virtuellen Veranstaltung? Dann ist die PEDALONES Online Weinverkostung genau das Richtige f\u00fcr euch.<\/p>\n<p>Ablauf: Vorab wird jedem Teilnehmer der Onlineveranstaltung eine Flasche PEDALONES Wein inkl. Begleitschreiben per DPD zugeschickt. Bei der Onlineveranstaltung selbst erz\u00e4hlt Winzerin Kathi \u00fcber den Weinbau in Wien und das Boutique-Weingut PEDALONES und pr\u00e4sentiert anschlie\u00dfend drei Wei\u00dfweine aus dem Sortiment (Wiener Gemischter Satz DAC, Riesling und Sauvignon Blanc). Die TeilnehmerInnen k\u00f6nnen \u00fcber das gew\u00e4hlte Online-Tool (Zoom, Teams, &#8230;) gerne Fragen stellen und\/oder mitdiskutieren. Der Programmpunkt soll locker und m\u00f6glichst interaktiv ablaufen.<\/p>\n<p>Dauer: ca. 20-30 Minuten.<\/p>\n<p>Sprachen: Deutsch oder Englisch.<\/p>\n<p><strong>Pauschale f\u00fcr Online Weinverkostung: \u20ac 49,00<\/strong><br \/>\ninkludiert ein Vorbereitungsgespr\u00e4ch zum Ablauf, Technik-Test, sowie Organisation Weinversand.<\/p>\n<p><strong>zus\u00e4tzlich variable Kosten pro Teilnehmer: \u20ac 19,00<\/strong><br \/>\ninkludiert 1 Flasche PEDALONES Wein (0,75l), Verpackungsmaterial und Versand innerhalb \u00d6sterreichs (Weitere L\u00e4nder auf Anfrage).<\/p>\n<p><strong>Zeitgerechte Reservierung notwendig. Anfragen gerne an Kathi unter info@pedalones.com oder +43 664 88 508 510 richten.<\/strong><\/p>","protected":false},"excerpt":{"rendered":"<p>Ihr sucht einen auflockernden Zwischen- oder After Work-Programmpunkt bei einer virtuellen Veranstaltung? Dann ist die PEDALONES Online Weinverkostung genau das Richtige f\u00fcr euch. Ablauf: Vorab wird jedem Teilnehmer der Onlineveranstaltung eine Flasche PEDALONES Wein inkl. Begleitschreiben per DPD zugeschickt. Bei der Onlineveranstaltung selbst erz\u00e4hlt Winzerin Kathi \u00fcber den Weinbau in Wien und das Boutique-Weingut PEDALONES [&hellip;]<\/p>","protected":false},"featured_media":1130,"template":"","meta":[],"product_cat":[58],"product_tag":[],"_links":{"self":[{"href":"https:\/\/pedalones.com\/en\/wp-json\/wp\/v2\/product\/1052"}],"collection":[{"href":"https:\/\/pedalones.com\/en\/wp-json\/wp\/v2\/product"}],"about":[{"href":"https:\/\/pedalones.com\/en\/wp-json\/wp\/v2\/types\/product"}],"wp:featuredmedia":[{"embeddable":true,"href":"https:\/\/pedalones.com\/en\/wp-json\/wp\/v2\/media\/1130"}],"wp:attachment":[{"href":"https:\/\/pedalones.com\/en\/wp-json\/wp\/v2\/media?parent=1052"}],"wp:term":[{"taxonomy":"product_cat","embeddable":true,"href":"https:\/\/pedalones.com\/en\/wp-json\/wp\/v2\/product_cat?post=1052"},{"taxonomy":"product_tag","embeddable":true,"href":"https:\/\/pedalones.com\/en\/wp-json\/wp\/v2\/product_tag?post=1052"}],"curies":[{"name":"wp","href":"https:\/\/api.w.org\/{rel}","templated":true}]}}