{"id":1039,"date":"2022-04-09T11:30:35","date_gmt":"2022-04-09T11:30:35","guid":{"rendered":"https:\/\/pedalones.com\/?post_type=product&#038;p=1039"},"modified":"2022-08-14T18:43:28","modified_gmt":"2022-08-14T18:43:28","slug":"pedalones-rent-a-wine-bike","status":"publish","type":"product","link":"https:\/\/pedalones.com\/en\/wein\/pedalones-rent-a-wine-bike\/","title":{"rendered":"PEDALONES Rent-A-Wine-Bike"},"content":{"rendered":"<p>Ihr sucht einen exklusiven Programmpunkt in Wien f\u00fcr euren Anlass (Team-Event, Geburtstagsparty, JunggesellInnen-Abschied, &#8230;)? Dann ist das PEDALONES Rent-A-Wine-Bike genau das Richtige f\u00fcr euch.<\/p>\n<p>Ablauf: Winzerin Kathi kommt mit dem\u00a0PEDALONES Lastenrad inkl. gek\u00fchlter Weine und Gl\u00e4ser zum vereinbarten Veranstaltungsort (Firmenstandort, Park, &#8230;) in Wien. Neben der\u00a0Verkostung von drei Wei\u00dfweinen (Wiener Gemischter Satz DAC, Riesling und Sauvignon Blanc) vom Wiener Nu\u00dfberg erz\u00e4hlt die Winzerin ebenfalls \u00fcber den Weinbau in Wien und das Boutique-Weingut PEDALONES. Gem\u00fctlicher Ausklang inklusive.<\/p>\n<p>Sprachen: Deutsch oder Englisch.<\/p>\n<p>Preis: auf Anfrage.<\/p>\n<p><strong>Zeitgerechte Reservierung notwendig. Anfragen gerne an Kathi unter info@pedalones.com oder +43 664 88 508 510 richten.<\/strong><\/p>","protected":false},"excerpt":{"rendered":"<p>Ihr sucht einen exklusiven Programmpunkt in Wien f\u00fcr euren Anlass (Team-Event, Geburtstagsparty, JunggesellInnen-Abschied, &#8230;)? Dann ist das PEDALONES Rent-A-Wine-Bike genau das Richtige f\u00fcr euch. Ablauf: Winzerin Kathi kommt mit dem\u00a0PEDALONES Lastenrad inkl. gek\u00fchlter Weine und Gl\u00e4ser zum vereinbarten Veranstaltungsort (Firmenstandort, Park, &#8230;) in Wien. Neben der\u00a0Verkostung von drei Wei\u00dfweinen (Wiener Gemischter Satz DAC, Riesling und [&hellip;]<\/p>","protected":false},"featured_media":1121,"template":"","meta":[],"product_cat":[58],"product_tag":[],"_links":{"self":[{"href":"https:\/\/pedalones.com\/en\/wp-json\/wp\/v2\/product\/1039"}],"collection":[{"href":"https:\/\/pedalones.com\/en\/wp-json\/wp\/v2\/product"}],"about":[{"href":"https:\/\/pedalones.com\/en\/wp-json\/wp\/v2\/types\/product"}],"wp:featuredmedia":[{"embeddable":true,"href":"https:\/\/pedalones.com\/en\/wp-json\/wp\/v2\/media\/1121"}],"wp:attachment":[{"href":"https:\/\/pedalones.com\/en\/wp-json\/wp\/v2\/media?parent=1039"}],"wp:term":[{"taxonomy":"product_cat","embeddable":true,"href":"https:\/\/pedalones.com\/en\/wp-json\/wp\/v2\/product_cat?post=1039"},{"taxonomy":"product_tag","embeddable":true,"href":"https:\/\/pedalones.com\/en\/wp-json\/wp\/v2\/product_tag?post=1039"}],"curies":[{"name":"wp","href":"https:\/\/api.w.org\/{rel}","templated":true}]}}