{"id":918,"date":"2021-05-16T09:28:29","date_gmt":"2021-05-16T09:28:29","guid":{"rendered":"https:\/\/pedalones.com\/?page_id=918"},"modified":"2022-05-11T14:14:16","modified_gmt":"2022-05-11T14:14:16","slug":"agb","status":"publish","type":"page","link":"https:\/\/pedalones.com\/en\/agb\/","title":{"rendered":"AGB \u2013 Allgemeine Gesch\u00e4ftsbedingungen"},"content":{"rendered":"<p><strong>Ihr Vertragspartner ist:<\/strong><\/p>\n\n\n\n<p><strong>Weingut PEDALONES \u2013 d.Pavelescu<\/strong><\/p>\n\n\n\n<p>Inhaber: Dr. nat. techn. Dragos Pavelescu<\/p>\n\n\n\n<p>Sch\u00e4ffergasse 17\/3, A-1040 Wien<\/p>\n\n\n\n<p>UID-Nummer: ATU-71163634<strong><\/strong><\/p>\n\n\n\n<h2 class=\"wp-block-heading\">1. <strong>Geltung<\/strong><\/h2>\n\n\n\n<p>Diese Allgemeinen Gesch\u00e4ftsbedingungen (\u201cAGB\u201d) gelten f\u00fcr die Bestellung und\/oder die Lieferung der im Webshop angebotenen Waren (Wein, Weinpakete, \u2026) bzw. Erlebnisse (Picknick, Weinverkostung, \u2026) des Weinguts PEDALONES \u2013 d.Pavelescu (im Folgenden kurz \u201cWeingut Pedalones\u201d oder \u201cwir\u201d bzw \u201cuns\u201d). Sie haben diese AGB durch Setzen des entsprechenden H\u00e4kchens ausdr\u00fccklich akzeptiert.<\/p>\n\n\n\n<h2 class=\"wp-block-heading\">2. <strong>Angebote \/ Vertragsabschluss<\/strong><\/h2>\n\n\n\n<p>Unsere Angebote sind nach Verf\u00fcgbarkeit freibleibend und unverbindlich, das letzte Angebot hebt alle vorhergehenden Angebote auf. F\u00fcr die Lieferung sind nur unsere aktuellen Liefer- und Zahlungsbedingungen ma\u00dfgebend. Abweichende Vereinbarungen sind nur g\u00fcltig, wenn sie von uns schriftlich best\u00e4tigt werden.<\/p>\n\n\n\n<p>Nach dem Klick auf den Button \u201cKostenpflichtig bestellen\u201d im Webshop des Weinguts Pedalones erhalten Sie eine automatisch versendete Bestell-Empfangsbest\u00e4tigung, welche dokumentiert, dass Ihre Bestellung eingegangen ist. Ein Vertrag kommt jedoch erst durch die ausdr\u00fcckliche Annahme und Best\u00e4tigung Ihrer Bestellung (per E-Mail oder Telefon) durch das Weingut Pedalones zustande.<\/p>\n\n\n\n<p>Aufgrund der beschr\u00e4nkten Mengen einzelner Jahrg\u00e4nge kann w\u00e4hrend Ihrer Bestellung eine Ausverkaufssituation eintreten. In diesem Fall bieten wir Ihnen einen gleichwertigen Wein an, wobei Sie jedoch das Recht haben, von Ihrer Bestellung Abstand zu nehmen.<\/p>\n\n\n\n<p>Bei Schreib-, Druck- und Rechenfehlern auf der Website ist das Weingut Pedalones zum R\u00fccktritt berechtigt.<\/p>\n\n\n\n<h2 class=\"wp-block-heading\">3. <strong>Preise und Zahlung<\/strong><\/h2>\n\n\n\n<p>Die angegebenen Preise sind freibleibend und verstehen sich in Euro (\u20ac) pro Flasche inkl. aller gesetzlichen Abgaben und Steuern. Verpackungs- und Versandkosten werden, sofern welche anfallen, gesondert berechnet und ausgewiesen. Preis\u00e4nderungen und Irrt\u00fcmer vorbehalten!<\/p>\n\n\n\n<p>Wir bieten die Zahlungsart \u00dcberweisung an. Nach Bestelleingang erhalten Sie eine Rechnung inkl. Bankverbindung per E-Mail von uns. Die Bankverbindung f\u00fcr SEPA \u00dcberweisung lautet:<\/p>\n\n\n\n<p>Zahlungsempf\u00e4nger: Dragos Pavelescu<\/p>\n\n\n\n<p>IBAN: AT52 12000 10015176778<\/p>\n\n\n\n<p>SWIFT \/ BIC: BKAUATWW<\/p>\n\n\n\n<p>Zahlungen sind innerhalb der auf der Rechnung definierten Frist zu bezahlen. Bei Zahlungsverzug stellen wir bankm\u00e4\u00dfige Verzugszinsen sowie etwaige Inkassospesen oder Rechtsanwaltskosten ab F\u00e4lligkeitsdatum in Rechnung.<\/p>\n\n\n\n<h2 class=\"wp-block-heading\">4. <strong>Weinversand<\/strong><\/h2>\n\n\n\n<p>Der Weinversand erfolgt an eine von Ihnen genannte Adresse.<\/p>\n\n\n\n<ul><li>F\u00fcr Sendungen innerhalb \u00d6sterreichs gelten folgende Versandkosten: ab einer Bestellsumme i.d.H.v. \u20ac198.- versandkostenfrei; ansonsten verrechnen wir \u20ac 8.- inkl. MwSt. an Versandkosten;<\/li><li>F\u00fcr Sendungen nach Deutschland gelten folgende Versandkosten: ab einer Bestellsumme i.d.H.v. \u20ac198.- versandkostenfrei; ansonsten verrechnen wir \u20ac 15.- inkl. MwSt. an Versandkosten;<\/li><li>F\u00fcr Sendungen in weitere L\u00e4nder: Versandkosten auf Anfrage;<\/li><\/ul>\n\n\n\n<p>Der Weinversand erfolgt bevorzugt mit dem Transportunternehmen DPD Weinlogistik. In der Regel erfolgt die Lieferung innerhalb von 2-4 Werktagen nach Bestelleingang, aber jedenfalls innerhalb der gesetzlich vorgeschriebenen Lieferfrist von 30 Tagen ab Bestelldatum.<\/p>\n\n\n\n<h2 class=\"wp-block-heading\">5. <strong>Eigentumsvorbehalte<\/strong><\/h2>\n\n\n\n<p>Alle gelieferten Waren\/Erlebnisse bleiben bis zur vollst\u00e4ndigen Bezahlung Eigentum des Weinguts Pedalones.<\/p>\n\n\n\n<p>Bei Warenr\u00fccknahme sind wir berechtigt, angefallene Transport- und Manipulationsspesen zu verrechnen. Bei Zugriffen Dritter auf die Vorbehaltsware \u2013 insbesondere durch Pf\u00e4ndungen \u2013 verpflichtet sich der Kunde, auf unser Eigentum hinzuweisen und uns unverz\u00fcglich zu verst\u00e4ndigen.<\/p>\n\n\n\n<h2 class=\"wp-block-heading\">6. <strong>R\u00fccktrittsrecht (Widerrufsrecht)<\/strong><\/h2>\n\n\n\n<p>Sie haben das Recht, binnen vierzehn Tagen ohne Angabe von Gr\u00fcnden diesen Vertrag zu widerrufen. Die Widerrufsfrist betr\u00e4gt vierzehn Tage ab dem Tag, an dem Sie oder ein von Ihnen benannter Dritter, der nicht der Bef\u00f6rderer ist, die Waren in Besitz genommen haben bzw. hat. Um Ihr Widerrufsrecht auszu\u00fcben, m\u00fcssen Sie uns mittels einer eindeutigen Erkl\u00e4rung (z.B. ein mit der Post versandter Brief oder E-Mail) \u00fcber Ihren Entschluss, diesen Vertrag zu widerrufen, informieren. Zur Wahrung der Widerrufsfrist reicht es aus, dass Sie die Mitteilung \u00fcber die Aus\u00fcbung des Widerrufsrechts vor Ablauf der Widerrufsfrist an folgende Anschrift absenden:<br>Weingut PEDALONES \u2013 d.Pavelescu<br>Inhaber: Dr. nat. techn. Dragos Pavelescu<br>Sch\u00e4ffergasse 17\/3, A-1040 Wien<br>Mail: <a href=\"mailto:info@pedalones.com\">info@pedalones.com<\/a><\/p>\n\n\n\n<h4 class=\"wp-block-heading\">Folgen des Widerrufs<\/h4>\n\n\n\n<p>Wenn Sie diesen Vertrag widerrufen, haben wir Ihnen alle Zahlungen, die wir von Ihnen erhalten haben, einschlie\u00dflich der Lieferkosten (mit Ausnahme der zus\u00e4tzlichen Kosten, die sich daraus ergeben, dass Sie eine andere Art der Lieferung als die von uns angebotene, g\u00fcnstigste Standardlieferung gew\u00e4hlt haben), unverz\u00fcglich und sp\u00e4testens binnen vierzehn Tagen ab dem Tag zur\u00fcckzuzahlen, an dem die Mitteilung \u00fcber Ihren Widerruf dieses Vertrags bei uns eingegangen ist. F\u00fcr diese R\u00fcckzahlung verwenden wir dasselbe Zahlungsmittel, das Sie bei der urspr\u00fcnglichen Transaktion eingesetzt haben, es sei denn, mit Ihnen wurde ausdr\u00fccklich etwas anderes vereinbart; in keinem Fall werden Ihnen wegen dieser R\u00fcckzahlung Entgelte berechnet.<\/p>\n\n\n\n<p>Sie haben die Waren unverz\u00fcglich und in jedem Fall sp\u00e4testens binnen vierzehn Tagen ab dem Tag, an dem Sie uns \u00fcber den Widerruf dieses Vertrags unterrichten, an uns zur\u00fcckzusenden oder zu \u00fcbergeben. Die Ware ist vollst\u00e4ndig und originalverpackt zur\u00fcckzusenden, die unmittelbaren Kosten der R\u00fccksendung sind von Ihnen zu tragen. Eine entsprechende Retourenadresse wird im Bedarfsfall bekanntgegeben.<\/p>\n\n\n\n<p>Sie m\u00fcssen f\u00fcr einen etwaigen Wertverlust der Waren nur aufkommen, wenn dieser Wertverlust auf einen zur Pr\u00fcfung der Beschaffenheit, Eigenschaften und Funktionsweise der Waren nicht notwendigen Umgang mit Ihnen zur\u00fcckzuf\u00fchren ist.<\/p>\n\n\n\n<h2 class=\"wp-block-heading\">7. <strong>Gew\u00e4hrleistungen<\/strong><\/h2>\n\n\n\n<p>Wir bem\u00fchen uns immer beste Qualit\u00e4t zu liefern. Sollten Sie dennoch mit einer Lieferung oder Teilen einer Lieferung nicht zufrieden sein (z.B. eine Flasche korkt), so bitten wir um Ihre umgehende schriftliche Nachricht per E-Mail an <a href=\"mailto:info@pedalones.com\">info@pedalones.com<\/a>. Bitte heben Sie die betroffene Flasche, den Korken und den Inhalt auf.<\/p>\n\n\n\n<p>F\u00fcr Sch\u00e4den und\/oder Beeintr\u00e4chtigungen, welche w\u00e4hrend des Transportes entstehen, garantieren wir Ihnen vollst\u00e4ndigen Ersatz unter folgenden Bedingungen:<\/p>\n\n\n\n<ul><li>Die Ware wird sofort bei Eintreffen auf Ordnungsm\u00e4\u00dfigkeit und Vollst\u00e4ndigkeit gepr\u00fcft.<\/li><li>Eine Beanstandung der Ware ist schriftlich innerhalb von 3 Tagen ab Zustellung des Paketes per E-Mail an <a href=\"mailto:info@pedalones.com\">info@pedalones.com<\/a> mitzuteilen.<\/li><li>Jegliche Beanstandungen, wie z. B. Bruch, sind vom Transportunternehmen best\u00e4tigen zu lassen.<\/li><\/ul>\n\n\n\n<p>Jugendschutz: Sie leisten uns Gew\u00e4hr, dass sie zum Zeitpunkt der Bestellung \u00fcber 18 Jahre alt sind.<\/p>\n\n\n\n<h2 class=\"wp-block-heading\">8. <strong>Datenschutz<\/strong><\/h2>\n\n\n\n<p>Wir weisen darauf hin, dass zum Zweck eines funktionierenden Einkaufsvorganges und zur sp\u00e4teren Vertragsabwicklung die von Ihnen bekanntgegebenen Daten unter Beachtung der Bestimmungen des Datenschutzgesetztes gespeichert und verarbeitet werden. Die Details k\u00f6nnen Sie in unserer Datenschutzerkl\u00e4rung nachlesen.<\/p>\n\n\n\n<h2 class=\"wp-block-heading\">9. <strong>Gerichtsstand<\/strong><\/h2>\n\n\n\n<p>Erf\u00fcllungsort ist Wien. Der Vertrag unterliegt dem \u00f6sterreichischen Recht. Vertrags-, Bestell- und Gesch\u00e4ftssprache ist Deutsch. F\u00fcr alle Rechtsstreitigkeiten unterwerfen sich die Vertragsparteien der Zust\u00e4ndigkeit des Bezirksgerichtes Innere Stadt (Justizzentrum Wien-Mitte).<\/p>\n\n\n\n<p>Stand: 01.03.2022<\/p>","protected":false},"excerpt":{"rendered":"<p>Ihr Vertragspartner ist: Weingut PEDALONES \u2013 d.Pavelescu Inhaber: Dr. nat. techn. Dragos Pavelescu Sch\u00e4ffergasse 17\/3, A-1040 Wien UID-Nummer: ATU-71163634 1. Geltung Diese Allgemeinen Gesch\u00e4ftsbedingungen (\u201cAGB\u201d) gelten f\u00fcr die Bestellung und\/oder die Lieferung der im Webshop angebotenen Waren (Wein, Weinpakete, \u2026) bzw. Erlebnisse (Picknick, Weinverkostung, \u2026) des Weinguts PEDALONES \u2013 d.Pavelescu (im Folgenden kurz \u201cWeingut Pedalones\u201d [&hellip;]<\/p>","protected":false},"author":1,"featured_media":0,"parent":0,"menu_order":0,"comment_status":"closed","ping_status":"closed","template":"","meta":{"footnotes":""},"_links":{"self":[{"href":"https:\/\/pedalones.com\/en\/wp-json\/wp\/v2\/pages\/918"}],"collection":[{"href":"https:\/\/pedalones.com\/en\/wp-json\/wp\/v2\/pages"}],"about":[{"href":"https:\/\/pedalones.com\/en\/wp-json\/wp\/v2\/types\/page"}],"author":[{"embeddable":true,"href":"https:\/\/pedalones.com\/en\/wp-json\/wp\/v2\/users\/1"}],"replies":[{"embeddable":true,"href":"https:\/\/pedalones.com\/en\/wp-json\/wp\/v2\/comments?post=918"}],"version-history":[{"count":7,"href":"https:\/\/pedalones.com\/en\/wp-json\/wp\/v2\/pages\/918\/revisions"}],"predecessor-version":[{"id":1090,"href":"https:\/\/pedalones.com\/en\/wp-json\/wp\/v2\/pages\/918\/revisions\/1090"}],"wp:attachment":[{"href":"https:\/\/pedalones.com\/en\/wp-json\/wp\/v2\/media?parent=918"}],"curies":[{"name":"wp","href":"https:\/\/api.w.org\/{rel}","templated":true}]}}