{"id":820,"date":"2021-05-15T08:49:16","date_gmt":"2021-05-15T08:49:16","guid":{"rendered":"https:\/\/pedalones.com\/?page_id=820"},"modified":"2022-08-31T08:24:12","modified_gmt":"2022-08-31T08:24:12","slug":"story","status":"publish","type":"page","link":"https:\/\/pedalones.com\/en\/story\/","title":{"rendered":"Story"},"content":{"rendered":"<p><strong>PEDALONES ist eine kleine, aber feine Weinmarke aus Wien \/ \u00d6sterreich und steht f\u00fcr: \u201ein die Pedale treten, in Bewegung sein, Gas geben und Spa\u00df haben\u201c.<\/strong> <\/p>\n\n\n\n<p><\/p>\n\n\n\n<p><\/p>\n\n\n\n<p><strong>Wir \u2013 Kathi &amp; Dragos &#8211; sind zwei Fahrrad- und Weinliebhaber aus Ober\u00f6sterreich und Rum\u00e4nien, die sich in Wien beim Wein kennenlernten und verliebten. <\/strong>Wir bringen beide aus unseren Hauptjobs mehrj\u00e4hrige Berufserfahrung im Weinbereich mit. Mit <strong>viel Liebe und Leidenschaft <\/strong>haben wir mit dem Jahrgang 2015 unser <strong>eigenes Label PEDALONES ins Leben gerufen.\u00a0PEDALONES ist mehr als nur ein guter Wein &#8211; es ist eine Lebensphilosophie, die wir besonders weiterempfehlen k\u00f6nnen.<\/strong><\/p>\n\n\n\n<p><strong>Heute bewirtschaften wir ca. 0,75 ha am Wiener Nu\u00dfberg und produzieren vier Wei\u00dfweine: Wiener Gemischter Satz DAC, Riesling, Sauvignon blanc und <strong>S\u00e9millon<\/strong>.<\/strong> Der Wiener Nu\u00dfberg ist einer der besten und renommiertesten Wein-Gro\u00dflagen \u00d6sterreichs. Das pannonisch beeinflusste Klima, die ideale Hangneigung und die steinigen B\u00f6den mit teilweise hohem Kalkanteil bieten vor allem f\u00fcr Wei\u00dfweine optimale Bedingungen.<\/p>\n\n\n\n<p>Zudem bieten wir <strong>besondere Weinerlebnisse an, z.B. exklusive Picknicks <\/strong>in unserem Gemischter Satz Weingarten (N\u00e4he Stadtwanderweg 1, 1190 Wien).<\/p>\n\n\n\n<p><\/p>\n\n\n\n<p><\/p>\n\n\n\n<p><strong>Steckbrief Kathi &amp; Dragos Pavelescu<\/strong><\/p>\n\n\n\n<p>KATHI:<br>Herkunft: Ober\u00f6sterreich<br>Jahrgang: 1986<br>Lieblingsrebsorte: Riesling<br>Sternzeichen: L\u00f6we<br>Hobbies: Reisen, Boxen, Kochen<br>Traumberuf: Unternehmerin<\/p>\n\n\n\n<p>DRAGOS:<br>Herkunft: Bukarest \/ Rum\u00e4nien<br>Jahrgang: 1981<br>Lieblingsrebsorte: Sauvignon Blanc<br>Sternzeichen: Waage<br>Hobbies: Fahrradfahren, Windsurfen, Reisen<br>Traumberuf: Winemaker<\/p>","protected":false},"excerpt":{"rendered":"<p>PEDALONES ist eine kleine, aber feine Weinmarke aus Wien \/ \u00d6sterreich und steht f\u00fcr: \u201ein die Pedale treten, in Bewegung sein, Gas geben und Spa\u00df haben\u201c. Wir \u2013 Kathi &amp; Dragos &#8211; sind zwei Fahrrad- und Weinliebhaber aus Ober\u00f6sterreich und Rum\u00e4nien, die sich in Wien beim Wein kennenlernten und verliebten. Wir bringen beide aus unseren [&hellip;]<\/p>","protected":false},"author":1,"featured_media":647,"parent":0,"menu_order":0,"comment_status":"closed","ping_status":"closed","template":"","meta":{"footnotes":""},"_links":{"self":[{"href":"https:\/\/pedalones.com\/en\/wp-json\/wp\/v2\/pages\/820"}],"collection":[{"href":"https:\/\/pedalones.com\/en\/wp-json\/wp\/v2\/pages"}],"about":[{"href":"https:\/\/pedalones.com\/en\/wp-json\/wp\/v2\/types\/page"}],"author":[{"embeddable":true,"href":"https:\/\/pedalones.com\/en\/wp-json\/wp\/v2\/users\/1"}],"replies":[{"embeddable":true,"href":"https:\/\/pedalones.com\/en\/wp-json\/wp\/v2\/comments?post=820"}],"version-history":[{"count":15,"href":"https:\/\/pedalones.com\/en\/wp-json\/wp\/v2\/pages\/820\/revisions"}],"predecessor-version":[{"id":1135,"href":"https:\/\/pedalones.com\/en\/wp-json\/wp\/v2\/pages\/820\/revisions\/1135"}],"wp:featuredmedia":[{"embeddable":true,"href":"https:\/\/pedalones.com\/en\/wp-json\/wp\/v2\/media\/647"}],"wp:attachment":[{"href":"https:\/\/pedalones.com\/en\/wp-json\/wp\/v2\/media?parent=820"}],"curies":[{"name":"wp","href":"https:\/\/api.w.org\/{rel}","templated":true}]}}